{"id":2062,"date":"2025-08-07T13:42:02","date_gmt":"2025-08-07T13:42:02","guid":{"rendered":"https:\/\/felipesanclemente.com\/?page_id=2062"},"modified":"2025-09-07T17:06:48","modified_gmt":"2025-09-07T17:06:48","slug":"consultancy","status":"publish","type":"page","link":"https:\/\/felipesanclemente.com\/es\/home\/consultancy\/","title":{"rendered":"Consultor\u00eda"},"content":{"rendered":"<div class=\"wpb-content-wrapper\">[vc_row animation=\u00bbright-to-left\u00bb][vc_column width=\u00bb9\/12&#8243;][mk_fancy_title tag_name=\u00bbh1&#8243; color=\u00bb#111111&#8243; size=\u00bb47&#8243; force_font_size=\u00bbtrue\u00bb size_tablet=\u00bb30&#8243; size_phone=\u00bb20&#8243; font_weight=\u00bbbold\u00bb txt_transform=\u00bbnone\u00bb font_family=\u00bbMontserrat\u00bb font_type=\u00bbgoogle\u00bb]\n<h3 id=\"tw-target-text\" class=\"tw-data-text tw-ta tw-text-medium\" data-placeholder=\"Traducci\u00f3n\"><strong>Arquitecto de narrativas visuales | Estratega de comunicaci\u00f3n cultural | Consultor en innovaci\u00f3n digital para las artes<\/strong><\/h3>\n[\/mk_fancy_title][vc_column_text disable_pattern=\u00bbfalse\u00bb css=\u00bb.vc_custom_1757263072155{margin-bottom: 0px !important;}\u00bb]<strong>Especializado en dise\u00f1ar puentes entre el arte, la tecnolog\u00eda y la sociedad<\/strong><br \/>\nCon una formaci\u00f3n h\u00edbrida (arquitectura, artes visuales, est\u00e9tica y dise\u00f1o) y 20+ a\u00f1os de experiencia liderando proyectos en el sector p\u00fablico, audiovisual y cultural, mi trabajo se centra en\u00a0<strong>reimaginar c\u00f3mo las im\u00e1genes y los espacios construyen identidad, comunican ideas y transforman realidades<\/strong>.[\/vc_column_text][\/vc_column][\/vc_row][vc_row][vc_column][mk_padding_divider][\/vc_column][\/vc_row][vc_row animation=\u00bbright-to-left\u00bb][vc_column][vc_column_text css=\u00bb.vc_custom_1757263094664{margin-bottom: 0px !important;}\u00bb]\n<h1><span style=\"color: #000000;\"><b>Consultor\u00eda Estrat\u00e9gica: Arte, Cultura y la Frontera Tecnol\u00f3gica<\/b><\/span><\/h1>\n<h3><span style=\"color: #000000;\">Dise\u00f1o los sistemas, las experiencias y las conversaciones que dan forma al futuro de la cultura.<\/span><\/h3>\n<p>&nbsp;<\/p>\n<p><span style=\"color: #000000;\"><b>El Desaf\u00edo: Navegar la Disrupci\u00f3n Cultural<\/b><\/span><\/p>\n<p><span style=\"color: #000000;\">La inteligencia artificial no es una herramienta m\u00e1s; es un cambio de paradigma que redefine la creatividad, la autor\u00eda y el valor. Las instituciones culturales y las marcas enfrentan un desaf\u00edo existencial: adaptarse y liderar, o quedarse atr\u00e1s y volverse irrelevantes.<\/span><\/p>\n<p><span style=\"color: #000000;\">La respuesta no es reaccionar con m\u00e1s tecnolog\u00eda, sino actuar con una visi\u00f3n estrat\u00e9gica m\u00e1s profunda.<\/span><\/p>\n<p><span style=\"color: #000000;\"><b>Mi Enfoque: Arquitecto de Sistemas Culturales<\/b><\/span><\/p>\n<p><span style=\"color: #000000;\">Mi rol trasciende la curadur\u00eda o la consultor\u00eda tradicional. Act\u00fao como un <b>Curador-Productor y Estratega<\/b>, uniendo 25 a\u00f1os de experiencia en producci\u00f3n a gran escala (cine, TV, gobierno) con una profunda investigaci\u00f3n en arte, filosof\u00eda y nuevas tecnolog\u00edas.<\/span><\/p>\n<p><span style=\"color: #000000;\">No solo conceptualizo; dise\u00f1o y ejecuto. Construyo los puentes entre la visi\u00f3n art\u00edstica, la viabilidad t\u00e9cnica y el impacto estrat\u00e9gico.<\/span>[\/vc_column_text][\/vc_column][\/vc_row][vc_row][vc_column][mk_padding_divider size=\u00bb100&#8243;][\/vc_column][\/vc_row][vc_row animation=\u00bbright-to-left\u00bb][vc_column width=\u00bb3\/12&#8243;][vc_column_text disable_pattern=\u00bbfalse\u00bb css=\u00bb.vc_custom_1754573110909{margin-bottom: 0px !important;}\u00bb]<span style=\"color: #800000;\">VALOR<\/span>[\/vc_column_text][\/vc_column][vc_column width=\u00bb9\/12&#8243;][mk_fancy_title tag_name=\u00bbh3&#8243; color=\u00bb#111111&#8243; size=\u00bb36&#8243; force_font_size=\u00bbtrue\u00bb size_tablet=\u00bb25&#8243; size_phone=\u00bb20&#8243; font_weight=\u00bbbold\u00bb txt_transform=\u00bbnone\u00bb font_family=\u00bbMontserrat\u00bb font_type=\u00bbgoogle\u00bb]<strong>Propuesta de valor \u00fanica<\/strong>[\/mk_fancy_title][vc_column_text disable_pattern=\u00bbfalse\u00bb css=\u00bb.vc_custom_1757263398459{margin-bottom: 0px !important;}\u00bb]\n<ul>\n<li><strong>Estratega creativo<\/strong>: Combino pensamiento cr\u00edtico (est\u00e9tica, dise\u00f1o, museograf\u00eda) con habilidades t\u00e9cnicas (multimedia, IA, an\u00e1lisis de datos) para desarrollar soluciones innovadoras en entornos digitales y f\u00edsicos.<\/li>\n<li><strong>Gestor de cultura con impacto<\/strong>: Experiencia en pol\u00edticas p\u00fablicas, direcci\u00f3n de arte para el gobierno (RTVC) y gesti\u00f3n de instituciones (FUGA), siempre con foco en democratizar el acceso al arte y optimizar procesos creativos.<\/li>\n<li><strong>Arquitecto de experiencias<\/strong>: Dise\u00f1o narrativas visuales y espaciales que conectan marcas, artistas y audiencias (cine, TV, galer\u00edas, museos).<\/li>\n<\/ul>\n[\/vc_column_text][\/vc_column][\/vc_row][vc_row animation=\u00bbright-to-left\u00bb][vc_column][mk_divider style=\u00bbthin_solid\u00bb thin_single_color=\u00bb#f4f4f4&#8243; thickness=\u00bb2&#8243; margin_top=\u00bb70&#8243; margin_bottom=\u00bb90&#8243;][\/vc_column][\/vc_row][vc_row animation=\u00bbright-to-left\u00bb][vc_column width=\u00bb3\/12&#8243;][vc_column_text disable_pattern=\u00bbfalse\u00bb css=\u00bb.vc_custom_1755787959881{margin-bottom: 0px !important;}\u00bb]<span style=\"color: #800000;\">RESULTADOS<\/span>[\/vc_column_text][\/vc_column][vc_column width=\u00bb9\/12&#8243;][mk_fancy_title tag_name=\u00bbh3&#8243; color=\u00bb#111111&#8243; size=\u00bb36&#8243; force_font_size=\u00bbtrue\u00bb size_tablet=\u00bb25&#8243; size_phone=\u00bb20&#8243; font_weight=\u00bbbold\u00bb txt_transform=\u00bbnone\u00bb font_family=\u00bbMontserrat\u00bb font_type=\u00bbgoogle\u00bb]<strong>Logros clave<\/strong>[\/mk_fancy_title][vc_column_text disable_pattern=\u00bbfalse\u00bb css=\u00bb.vc_custom_1757263410464{margin-bottom: 0px !important;}\u00bb]\n<ul>\n<li><strong>Lider\u00e9 la identidad visual de las comunicaciones institucionales del Gobierno Nacional (RTVC, 2010-2020)<\/strong>, dirigiendo equipos multidisciplinarios para proyectos masivos de comunicaci\u00f3n p\u00fablica.<\/li>\n<li><strong>Dise\u00f1\u00e9 pol\u00edticas culturales<\/strong>\u00a0en la FUGA, manejando presupuestos, convocatorias y alianzas para impulsar artistas emergentes.<\/li>\n<li><strong>Pionero en integrar tecnolog\u00edas emergentes<\/strong>\u00a0(IA, sostenibilidad) en proyectos art\u00edsticos y educativos (clases magistrales, laboratorios de creaci\u00f3n).<\/li>\n<li><strong>Activador del ecosistema cultural<\/strong>: Desde mi galer\u00eda, desarrollo modelos h\u00edbridos (f\u00edsico-digital) para comercializar arte emergente.<\/li>\n<\/ul>\n[\/vc_column_text][\/vc_column][\/vc_row][vc_row animation=\u00bbright-to-left\u00bb][vc_column][mk_divider style=\u00bbthin_solid\u00bb thin_single_color=\u00bb#f4f4f4&#8243; thickness=\u00bb2&#8243; margin_top=\u00bb70&#8243; margin_bottom=\u00bb90&#8243;][\/vc_column][\/vc_row][vc_row animation=\u00bbright-to-left\u00bb][vc_column width=\u00bb3\/12&#8243;][vc_column_text disable_pattern=\u00bbfalse\u00bb css=\u00bb.vc_custom_1754573194435{margin-bottom: 0px !important;}\u00bb]<span style=\"color: #800000;\">POTENCIA<\/span>[\/vc_column_text][\/vc_column][vc_column width=\u00bb9\/12&#8243;][mk_fancy_title tag_name=\u00bbh3&#8243; color=\u00bb#111111&#8243; size=\u00bb36&#8243; force_font_size=\u00bbtrue\u00bb size_tablet=\u00bb25&#8243; size_phone=\u00bb20&#8243; font_weight=\u00bbbold\u00bb txt_transform=\u00bbnone\u00bb font_family=\u00bbMontserrat\u00bb font_type=\u00bbgoogle\u00bb]<strong>Habilidades diferenciadoras<\/strong>[\/mk_fancy_title][vc_column_text disable_pattern=\u00bbfalse\u00bb css=\u00bb.vc_custom_1757263433305{margin-bottom: 0px !important;}\u00bb]\n<ul>\n<li><strong>T\u00e9cnicas<\/strong>: Direcci\u00f3n de arte, dise\u00f1o de producci\u00f3n, curadur\u00eda, an\u00e1lisis de datos, IA generativa, gesti\u00f3n de comunidades digitales.<\/li>\n<li><strong>Estrat\u00e9gicas<\/strong>: Pensamiento sist\u00e9mico, design thinking, planificaci\u00f3n de pol\u00edticas culturales, negociaci\u00f3n con sectores p\u00fablicos\/privados.<\/li>\n<li><strong>Blancas<\/strong>: Liderazgo emp\u00e1tico (equipos creativos bajo presi\u00f3n), storytelling persuasivo (para audiencias t\u00e9cnicas y no t\u00e9cnicas).<\/li>\n<\/ul>\n[\/vc_column_text][mk_divider][\/vc_column][\/vc_row][vc_row animation=\u00bbright-to-left\u00bb][vc_column][mk_content_box][mk_title_box font_family=\u00bbnone\u00bb]<strong>Visi\u00f3n<\/strong>[\/mk_title_box][vc_column_text css=\u00bb.vc_custom_1757263531641{margin-bottom: 0px !important;}\u00bb]\n<h4>Magister en Artes Pl\u00e1sticas y Visuales | Arquitecto | Consultor de proyectos art\u00edsticos con impacto en Sostenibilidad y RSE.<\/h4>\n<p>Creo en\u00a0<strong>la cultura como herramienta de transformaci\u00f3n social<\/strong>\u00a0y en la necesidad de repensar sus modelos desde la innovaci\u00f3n. Mi objetivo es seguir dise\u00f1ando estrategias que vinculen arte, tecnolog\u00eda y gesti\u00f3n para proyectos con impacto tangible.<\/p>\n<p><strong>\u00a0<\/strong><\/p>\n<p><a href=\"mailto:sanclemente@yahoo.com?subject=Me%20interesa%20hablar%20contigo.&amp;body=Hola%2C%0A%0AQuiero%20conocer%20m%C3%A1s%20acerca%20de%20las%20consultor%C3%ADas.\"><strong>Comunicate directamente<\/strong><\/a><\/p>\n<p>Ofrezco tres avenidas de colaboraci\u00f3n para organizaciones que buscan liderar en la nueva frontera cultural:<\/p>\n<p><strong>1. Asesor\u00eda Institucional y Pol\u00edticas para la Era Digital<\/strong><br \/>\nPara museos, gobiernos y universidades que necesitan una hoja de ruta.<\/p>\n<p>Dise\u00f1o de Pol\u00edticas P\u00fablicas y Programas de Fomento para la creaci\u00f3n art\u00edstica con IA.<\/p>\n<p>Gu\u00edas \u00c9ticas para el uso de nuevas tecnolog\u00edas en procesos creativos y gesti\u00f3n de colecciones.<\/p>\n<p>Estrategias de Adquisici\u00f3n y Curadur\u00eda de arte digital, generativo y basado en IA.<\/p>\n<p><strong>2. Curadur\u00eda y Producci\u00f3n de Experiencias H\u00edbridas<\/strong><br \/>\nPara marcas, bienales y centros culturales que buscan crear un impacto memorable.<\/p>\n<p>Dise\u00f1o y Producci\u00f3n \u00abllave en mano\u00bb de exposiciones, instalaciones y eventos inmersivos que exploran la intersecci\u00f3n entre arte y tecnolog\u00eda.<\/p>\n<p>Direcci\u00f3n de Arte Estrat\u00e9gica para proyectos de marca (branded content) que buscan autenticidad y relevancia cultural.<\/p>\n<p>Desarrollo de Laboratorios de Creaci\u00f3n que unen artistas y tecn\u00f3logos para generar innovaci\u00f3n.<\/p>\n<p><strong>3. Formaci\u00f3n y Liderazgo de Alto Nivel<\/strong><br \/>\nPara juntas directivas, equipos creativos, y coleccionistas que necesitan entender el nuevo panorama.<\/p>\n<p>Masterclasses y Talleres Estrat\u00e9gicos sobre \u00abLa Curadur\u00eda en la Era Digital\u00bb, \u00ab\u00c9tica y Est\u00e9tica de la IA\u00bb y \u00abNuevos Modelos de Creaci\u00f3n\u00bb.<\/p>\n<p>Asesor\u00eda Personalizada para coleccionistas que deseen iniciarse o profundizar en el arte tecnol\u00f3gico.<\/p>\n<p>Sesiones de Liderazgo Creativo para equipos que necesitan desbloquear nuevas formas de pensar.[\/vc_column_text][\/mk_content_box][mk_title_box font_family=\u00bbnone\u00bb]\n<h2>Consultor\u00edas en:<\/h2>\n[\/mk_title_box][mk_padding_divider][vc_column_text css=\u00bb.vc_custom_1754571902441{margin-bottom: 0px !important;}\u00bb]<a href=\"https:\/\/www.dropbox.com\/scl\/fi\/yasuex42xnvpoesqyrmkj\/Felipe-Sanclemente-Consultor-as.pdf?rlkey=brpbcqyroors26yeo554ec72u&amp;st=x91lqmz3&amp;dl=0\" target=\"_blank\" rel=\"noopener noreferrer\">Descarga informaci\u00f3n acerca de las consultor\u00edas. <\/a>[\/vc_column_text][mk_divider style=\u00bbthin_solid\u00bb thin_single_color=\u00bb#f4f4f4&#8243; thickness=\u00bb2&#8243; margin_top=\u00bb70&#8243; margin_bottom=\u00bb90&#8243;][mk_title_box font_family=\u00bbnone\u00bb]<strong>HABILIDADES DE TRABAJO\u00a0\u00a0<\/strong>[\/mk_title_box][mk_padding_divider][vc_column_text css=\u00bb.vc_custom_1757263559669{margin-bottom: 0px !important;}\u00bb]<strong>Habilidades T\u00e9cnicas:<\/strong><\/p>\n<ul>\n<li style=\"list-style-type: none;\">\n<ul>\n<li>Software: Microsoft Office (Word, Excel, PowerPoint), Adobe Creative Suite, Sketch up.<\/li>\n<\/ul>\n<\/li>\n<\/ul>\n<ul>\n<li style=\"list-style-type: none;\">\n<ul>\n<li>Dise\u00f1o Gr\u00e1fico: Photoshop, Illustrator.<\/li>\n<li>Plataformas: Monday work, Make.<\/li>\n<li>Edici\u00f3n de video: Adobe Premier, Da Vinci resolve, Final Cut.<\/li>\n<\/ul>\n<\/li>\n<\/ul>\n<ul>\n<li style=\"list-style-type: none;\">\n<ul>\n<li>Redes Sociales: Marketing digital, gesti\u00f3n de comunidades.<\/li>\n<\/ul>\n<\/li>\n<\/ul>\n<ul>\n<li style=\"list-style-type: none;\">\n<ul>\n<li>Idiomas: espa\u00f1ol, ingl\u00e9s<\/li>\n<li>Conocimientos en IA, An\u00e1lisis de datos, sostenibilidad y tecnolog\u00edas emergentes.<\/li>\n<\/ul>\n<\/li>\n<\/ul>\n<p>&nbsp;<\/p>\n<p><strong>Habilidades Blandas:<\/strong><\/p>\n<ul>\n<li style=\"list-style-type: none;\">\n<ul>\n<li>Comunicaci\u00f3n: Escrita, verbal, persuasiva, asertiva.<\/li>\n<\/ul>\n<\/li>\n<\/ul>\n<ul>\n<li style=\"list-style-type: none;\">\n<ul>\n<li>Trabajo en Equipo: Colaboraci\u00f3n, liderazgo, gesti\u00f3n de equipos.<\/li>\n<\/ul>\n<\/li>\n<\/ul>\n<ul>\n<li style=\"list-style-type: none;\">\n<ul>\n<li>Resoluci\u00f3n de Problemas: An\u00e1lisis, creatividad, identificaci\u00f3n de soluciones.<\/li>\n<\/ul>\n<\/li>\n<\/ul>\n<ul>\n<li style=\"list-style-type: none;\">\n<ul>\n<li>Adaptabilidad: Flexibilidad, aprendizaje continuo, adaptaci\u00f3n a cambios.<\/li>\n<\/ul>\n<\/li>\n<\/ul>\n<ul>\n<li style=\"list-style-type: none;\">\n<ul>\n<li>Gesti\u00f3n del Tiempo: Organizaci\u00f3n, priorizaci\u00f3n, cumplimiento de plazos.<\/li>\n<\/ul>\n<\/li>\n<\/ul>\n<ul>\n<li style=\"list-style-type: none;\">\n<ul>\n<li>Empat\u00eda: Comprensi\u00f3n de las necesidades de los dem\u00e1s, escucha activa.<\/li>\n<\/ul>\n<\/li>\n<\/ul>\n<ul>\n<li style=\"list-style-type: none;\">\n<ul>\n<li>Liderazgo: Motivaci\u00f3n, delegaci\u00f3n, toma de decisiones.<\/li>\n<\/ul>\n<\/li>\n<\/ul>\n<ul>\n<li style=\"list-style-type: none;\">\n<ul>\n<li>Creatividad: Innovaci\u00f3n, Design thinking, dise\u00f1o.<\/li>\n<\/ul>\n<\/li>\n<\/ul>\n<ul>\n<li style=\"list-style-type: none;\">\n<ul>\n<li>Organizaci\u00f3n: Gesti\u00f3n de proyectos, planificaci\u00f3n, cumplimiento de objetivos.<\/li>\n<\/ul>\n<\/li>\n<\/ul>\n<ul>\n<li style=\"list-style-type: none;\">\n<ul>\n<li>An\u00e1lisis: Evaluaci\u00f3n de datos, identificaci\u00f3n de tendencias.<\/li>\n<\/ul>\n<\/li>\n<\/ul>\n<ul>\n<li style=\"list-style-type: none;\">\n<ul>\n<li>Gesti\u00f3n de Conflictos: Mediaci\u00f3n, negociaci\u00f3n, resoluci\u00f3n pac\u00edfica.<\/li>\n<\/ul>\n<\/li>\n<\/ul>\n<ul>\n<li style=\"list-style-type: none;\">\n<ul>\n<li>Resiliencia: Recuperaci\u00f3n r\u00e1pida de los contratiempos.<\/li>\n<\/ul>\n<\/li>\n<\/ul>\n<ul>\n<li style=\"list-style-type: none;\">\n<ul>\n<li>\u00c9tica laboral: Honestidad, responsabilidad, integridad.<\/li>\n<\/ul>\n<\/li>\n<\/ul>\n<p><strong>Consultor\u00eda de gesti\u00f3n \u2022 Gesti\u00f3n de proyectos \u2022 Coordinaci\u00f3n de eventos \u2022 Planificaci\u00f3n estrat\u00e9gica<\/strong>[\/vc_column_text][mk_padding_divider][\/vc_column][vc_column][\/vc_column][\/vc_row][vc_row animation=\u00bbright-to-left\u00bb][vc_column width=\u00bb1\/4&#8243;][vc_column_text disable_pattern=\u00bbfalse\u00bb css=\u00bb.vc_custom_1753459951177{margin-bottom: 0px !important;}\u00bb]<strong>HE TRABAJADO CON:<\/strong>[\/vc_column_text][\/vc_column][vc_column width=\u00bb1\/4&#8243;][vc_column_text]<a href=\"https:\/\/www.rtvc.gov.co\/\">RTVC<\/a><br \/>\n<a href=\"http:\/\/www.coltevision.com\/\">Colombiana de\u00a0Televisi\u00f3n<\/a><br \/>\n<a href=\"https:\/\/www.linkedin.com\/company-beta\/1084866\/?pathWildcard=1084866\">Be\u00a0TV<\/a><br \/>\n<a href=\"http:\/\/www.cmi.com.co\/\">CM&amp;<\/a>[\/vc_column_text][\/vc_column][vc_column width=\u00bb1\/4&#8243;][vc_column_text]<a href=\"https:\/\/www.uniandes.edu.co\/\">Universidad\u00a0de los Andes<\/a><br \/>\n<a href=\"http:\/\/gvbagencia.co\/\">GVB<\/a><br \/>\n<a href=\"http:\/\/www.rtitv.com\">RTI<\/a><br \/>\n<a href=\"http:\/\/www.mullenlowessp3.com\/\">LOWE\/SSP3<\/a>[\/vc_column_text][\/vc_column][vc_column width=\u00bb1\/4&#8243;][vc_column_text]<a href=\"http:\/\/www.banrepcultural.org\/blaa\">BLAA<\/a><br \/>\n<a href=\"http:\/\/www.imaginariafilms.com\/\">Imaginaria Films<\/a><br \/>\n<a href=\"http:\/\/www.rhayuela.com\/\">Rhayuela Films<\/a><br \/>\n<a href=\"http:\/\/www.mincultura.gov.co\/Paginas\/default.aspx\">MinCultura<\/a>[\/vc_column_text][\/vc_column][\/vc_row][vc_row animation=\u00bbright-to-left\u00bb][vc_column][mk_divider style=\u00bbthin_solid\u00bb thin_single_color=\u00bb#f4f4f4&#8243; thickness=\u00bb2&#8243; margin_top=\u00bb70&#8243; margin_bottom=\u00bb90&#8243;][\/vc_column][\/vc_row][vc_row animation=\u00bbright-to-left\u00bb][vc_column width=\u00bb3\/12&#8243;][vc_column_text disable_pattern=\u00bbfalse\u00bb css=\u00bb.vc_custom_1753459958677{margin-bottom: 0px !important;}\u00bb]CONTACTO[\/vc_column_text][\/vc_column][vc_column width=\u00bb8\/12&#8243;][vc_column_text]Utilice el formulario de contacto para enviar sus mensajes. Me comunicar\u00e9 con Ud. tan pronto sea posible.[\/vc_column_text][mk_contact_form style=\u00bbclassic\u00bb button_text=\u00bbEnviar\u00bb][\/vc_column][vc_column width=\u00bb1\/12&#8243;][\/vc_column][\/vc_row][vc_row animation=\u00bbright-to-left\u00bb][vc_column][mk_divider style=\u00bbthin_solid\u00bb thin_single_color=\u00bb#f4f4f4&#8243; thickness=\u00bb2&#8243; margin_top=\u00bb60&#8243; margin_bottom=\u00bb0&#8243;][\/vc_column][\/vc_row][vc_row][vc_column][vc_column_text][\/vc_column_text][\/vc_column][\/vc_row][vc_row][vc_column][\/vc_column][\/vc_row]\n<\/div>","protected":false},"excerpt":{"rendered":"<p>[vc_row animation=\u00bbright-to-left\u00bb][vc_column width=\u00bb9\/12&#8243;][mk_fancy_title tag_name=\u00bbh1&#8243; color=\u00bb#111111&#8243; size=\u00bb47&#8243; force_font_size=\u00bbtrue\u00bb size_tablet=\u00bb30&#8243; size_phone=\u00bb20&#8243; font_weight=\u00bbbold\u00bb txt_transform=\u00bbnone\u00bb font_family=\u00bbMontserrat\u00bb font_type=\u00bbgoogle\u00bb] Arquitecto de narrativas visuales | Estratega de comunicaci\u00f3n cultural | Consultor en innovaci\u00f3n digital para las artes [\/mk_fancy_title][vc_column_text disable_pattern=\u00bbfalse\u00bb css=\u00bb.vc_custom_1757263072155{margin-bottom: 0px !important;}\u00bb]Especializado en dise\u00f1ar puentes entre el arte, la tecnolog\u00eda y la sociedad Con una formaci\u00f3n h\u00edbrida (arquitectura, artes visuales, est\u00e9tica y [&hellip;]<\/p>\n","protected":false},"author":1,"featured_media":0,"parent":5,"menu_order":0,"comment_status":"closed","ping_status":"closed","template":"","meta":{"_coblocks_attr":"","_coblocks_dimensions":"","_coblocks_responsive_height":"","_coblocks_accordion_ie_support":"","om_disable_all_campaigns":false,"_monsterinsights_skip_tracking":false,"_monsterinsights_sitenote_active":false,"_monsterinsights_sitenote_note":"","_monsterinsights_sitenote_category":0,"_uf_show_specific_survey":0,"_uf_disable_surveys":false,"footnotes":""},"class_list":["post-2062","page","type-page","status-publish","hentry"],"aioseo_notices":[],"yoast_head":"<!-- This site is optimized with the Yoast SEO plugin v26.1.1 - https:\/\/yoast.com\/wordpress\/plugins\/seo\/ -->\n<title>Consultor\u00eda - Felipe Sanclemente<\/title>\n<meta name=\"robots\" content=\"index, follow, max-snippet:-1, max-image-preview:large, max-video-preview:-1\" \/>\n<link rel=\"canonical\" href=\"https:\/\/felipesanclemente.com\/home\/consultancy\/\" \/>\n<meta property=\"og:locale\" content=\"es_ES\" \/>\n<meta property=\"og:type\" content=\"article\" \/>\n<meta property=\"og:title\" content=\"[:en]Consultancy[:es]Consultor\u00eda[:] - Felipe Sanclemente\" \/>\n<meta property=\"og:description\" content=\"[vc_row animation=\u00bbright-to-left\u00bb][vc_column width=\u00bb9\/12&#8243;][mk_fancy_title tag_name=\u00bbh1&#8243; color=\u00bb#111111&#8243; size=\u00bb47&#8243; force_font_size=\u00bbtrue\u00bb size_tablet=\u00bb30&#8243; size_phone=\u00bb20&#8243; font_weight=\u00bbbold\u00bb txt_transform=\u00bbnone\u00bb font_family=\u00bbMontserrat\u00bb font_type=\u00bbgoogle\u00bb] Arquitecto de narrativas visuales | Estratega de comunicaci\u00f3n cultural | Consultor en innovaci\u00f3n digital para las artes [\/mk_fancy_title][vc_column_text disable_pattern=\u00bbfalse\u00bb css=\u00bb.vc_custom_1757263072155{margin-bottom: 0px !important;}\u00bb]Especializado en dise\u00f1ar puentes entre el arte, la tecnolog\u00eda y la sociedad Con una formaci\u00f3n h\u00edbrida (arquitectura, artes visuales, est\u00e9tica y [&hellip;]\" \/>\n<meta property=\"og:url\" content=\"https:\/\/felipesanclemente.com\/home\/consultancy\/\" \/>\n<meta property=\"og:site_name\" content=\"Felipe Sanclemente\" \/>\n<meta property=\"article:modified_time\" content=\"2025-09-07T17:06:48+00:00\" \/>\n<meta name=\"twitter:card\" content=\"summary_large_image\" \/>\n<meta name=\"twitter:label1\" content=\"Tiempo de lectura\" \/>\n\t<meta name=\"twitter:data1\" content=\"6 minutos\" \/>\n<script type=\"application\/ld+json\" class=\"yoast-schema-graph\">{\"@context\":\"https:\/\/schema.org\",\"@graph\":[{\"@type\":\"WebPage\",\"@id\":\"https:\/\/felipesanclemente.com\/home\/consultancy\/\",\"url\":\"https:\/\/felipesanclemente.com\/home\/consultancy\/\",\"name\":\"[:en]Consultancy[:es]Consultor\u00eda[:] - Felipe Sanclemente\",\"isPartOf\":{\"@id\":\"https:\/\/felipesanclemente.com\/#website\"},\"datePublished\":\"2025-08-07T13:42:02+00:00\",\"dateModified\":\"2025-09-07T17:06:48+00:00\",\"breadcrumb\":{\"@id\":\"https:\/\/felipesanclemente.com\/home\/consultancy\/#breadcrumb\"},\"inLanguage\":\"es\",\"potentialAction\":[{\"@type\":\"ReadAction\",\"target\":[\"https:\/\/felipesanclemente.com\/home\/consultancy\/\"]}]},{\"@type\":\"BreadcrumbList\",\"@id\":\"https:\/\/felipesanclemente.com\/home\/consultancy\/#breadcrumb\",\"itemListElement\":[{\"@type\":\"ListItem\",\"position\":1,\"name\":\"Portada\",\"item\":\"https:\/\/felipesanclemente.com\/\"},{\"@type\":\"ListItem\",\"position\":2,\"name\":\"Inicio\",\"item\":\"https:\/\/felipesanclemente.com\/\"},{\"@type\":\"ListItem\",\"position\":3,\"name\":\"Consultor\u00eda\"}]},{\"@type\":\"WebSite\",\"@id\":\"https:\/\/felipesanclemente.com\/#website\",\"url\":\"https:\/\/felipesanclemente.com\/\",\"name\":\"Felipe Sanclemente\",\"description\":\"Felipe Sanclemente Portfolio\",\"potentialAction\":[{\"@type\":\"SearchAction\",\"target\":{\"@type\":\"EntryPoint\",\"urlTemplate\":\"https:\/\/felipesanclemente.com\/?s={search_term_string}\"},\"query-input\":{\"@type\":\"PropertyValueSpecification\",\"valueRequired\":true,\"valueName\":\"search_term_string\"}}],\"inLanguage\":\"es\"}]}<\/script>\n<!-- \/ Yoast SEO plugin. -->","yoast_head_json":{"title":"[:en]Consultancy[:es]Consultor\u00eda[:] - Felipe Sanclemente","robots":{"index":"index","follow":"follow","max-snippet":"max-snippet:-1","max-image-preview":"max-image-preview:large","max-video-preview":"max-video-preview:-1"},"canonical":"https:\/\/felipesanclemente.com\/home\/consultancy\/","og_locale":"es_ES","og_type":"article","og_title":"[:en]Consultancy[:es]Consultor\u00eda[:] - Felipe Sanclemente","og_description":"[vc_row animation=\u00bbright-to-left\u00bb][vc_column width=\u00bb9\/12&#8243;][mk_fancy_title tag_name=\u00bbh1&#8243; color=\u00bb#111111&#8243; size=\u00bb47&#8243; force_font_size=\u00bbtrue\u00bb size_tablet=\u00bb30&#8243; size_phone=\u00bb20&#8243; font_weight=\u00bbbold\u00bb txt_transform=\u00bbnone\u00bb font_family=\u00bbMontserrat\u00bb font_type=\u00bbgoogle\u00bb] Arquitecto de narrativas visuales | Estratega de comunicaci\u00f3n cultural | Consultor en innovaci\u00f3n digital para las artes [\/mk_fancy_title][vc_column_text disable_pattern=\u00bbfalse\u00bb css=\u00bb.vc_custom_1757263072155{margin-bottom: 0px !important;}\u00bb]Especializado en dise\u00f1ar puentes entre el arte, la tecnolog\u00eda y la sociedad Con una formaci\u00f3n h\u00edbrida (arquitectura, artes visuales, est\u00e9tica y [&hellip;]","og_url":"https:\/\/felipesanclemente.com\/home\/consultancy\/","og_site_name":"Felipe Sanclemente","article_modified_time":"2025-09-07T17:06:48+00:00","twitter_card":"summary_large_image","twitter_misc":{"Tiempo de lectura":"6 minutos"},"schema":{"@context":"https:\/\/schema.org","@graph":[{"@type":"WebPage","@id":"https:\/\/felipesanclemente.com\/home\/consultancy\/","url":"https:\/\/felipesanclemente.com\/home\/consultancy\/","name":"[:en]Consultancy[:es]Consultor\u00eda[:] - Felipe Sanclemente","isPartOf":{"@id":"https:\/\/felipesanclemente.com\/#website"},"datePublished":"2025-08-07T13:42:02+00:00","dateModified":"2025-09-07T17:06:48+00:00","breadcrumb":{"@id":"https:\/\/felipesanclemente.com\/home\/consultancy\/#breadcrumb"},"inLanguage":"es","potentialAction":[{"@type":"ReadAction","target":["https:\/\/felipesanclemente.com\/home\/consultancy\/"]}]},{"@type":"BreadcrumbList","@id":"https:\/\/felipesanclemente.com\/home\/consultancy\/#breadcrumb","itemListElement":[{"@type":"ListItem","position":1,"name":"Portada","item":"https:\/\/felipesanclemente.com\/"},{"@type":"ListItem","position":2,"name":"Inicio","item":"https:\/\/felipesanclemente.com\/"},{"@type":"ListItem","position":3,"name":"Consultor\u00eda"}]},{"@type":"WebSite","@id":"https:\/\/felipesanclemente.com\/#website","url":"https:\/\/felipesanclemente.com\/","name":"Felipe Sanclemente","description":"Felipe Sanclemente Portfolio","potentialAction":[{"@type":"SearchAction","target":{"@type":"EntryPoint","urlTemplate":"https:\/\/felipesanclemente.com\/?s={search_term_string}"},"query-input":{"@type":"PropertyValueSpecification","valueRequired":true,"valueName":"search_term_string"}}],"inLanguage":"es"}]}},"_links":{"self":[{"href":"https:\/\/felipesanclemente.com\/es\/wp-json\/wp\/v2\/pages\/2062","targetHints":{"allow":["GET"]}}],"collection":[{"href":"https:\/\/felipesanclemente.com\/es\/wp-json\/wp\/v2\/pages"}],"about":[{"href":"https:\/\/felipesanclemente.com\/es\/wp-json\/wp\/v2\/types\/page"}],"author":[{"embeddable":true,"href":"https:\/\/felipesanclemente.com\/es\/wp-json\/wp\/v2\/users\/1"}],"replies":[{"embeddable":true,"href":"https:\/\/felipesanclemente.com\/es\/wp-json\/wp\/v2\/comments?post=2062"}],"version-history":[{"count":13,"href":"https:\/\/felipesanclemente.com\/es\/wp-json\/wp\/v2\/pages\/2062\/revisions"}],"predecessor-version":[{"id":2100,"href":"https:\/\/felipesanclemente.com\/es\/wp-json\/wp\/v2\/pages\/2062\/revisions\/2100"}],"up":[{"embeddable":true,"href":"https:\/\/felipesanclemente.com\/es\/wp-json\/wp\/v2\/pages\/5"}],"wp:attachment":[{"href":"https:\/\/felipesanclemente.com\/es\/wp-json\/wp\/v2\/media?parent=2062"}],"curies":[{"name":"wp","href":"https:\/\/api.w.org\/{rel}","templated":true}]}}