{"id":5,"date":"2016-10-18T14:03:55","date_gmt":"2016-10-18T14:03:55","guid":{"rendered":"http:\/\/demos.artbees.net\/jupiter5\/rhea\/?page_id=5"},"modified":"2025-09-25T14:07:54","modified_gmt":"2025-09-25T14:07:54","slug":"home","status":"publish","type":"page","link":"https:\/\/felipesanclemente.com\/es\/","title":{"rendered":"Inicio"},"content":{"rendered":"<div class=\"wpb-content-wrapper\">[vc_row animation=\u00bbright-to-left\u00bb][vc_column width=\u00bb9\/12&#8243;][mk_fancy_title tag_name=\u00bbh1&#8243; color=\u00bb#111111&#8243; size=\u00bb60&#8243; force_font_size=\u00bbtrue\u00bb size_tablet=\u00bb30&#8243; size_phone=\u00bb20&#8243; font_weight=\u00bbbold\u00bb txt_transform=\u00bbnone\u00bb margin_bottom=\u00bb0&#8243; font_family=\u00bbMontserrat\u00bb font_type=\u00bbgoogle\u00bb]\n<h1><span style=\"color: #808080;\">Felipe Sanclemente<\/span><\/h1>\n[\/mk_fancy_title][vc_column_text disable_pattern=\u00bbfalse\u00bb margin_bottom=\u00bb20&#8243; css=\u00bb.vc_custom_1758808580473{margin-bottom: 20px !important;}\u00bb]\n<p data-start=\"232\" data-end=\"570\"><strong data-start=\"232\" data-end=\"295\">Piloto, arquitecto, artista pl\u00e1stico y creador audiovisual.<\/strong><br data-start=\"295\" data-end=\"298\" \/>Con m\u00e1s de 25 a\u00f1os de experiencia en cine, televisi\u00f3n, documentales y publicidad, he explorado los l\u00edmites de <strong data-start=\"408\" data-end=\"429\">habitar la imagen<\/strong>: desde la construcci\u00f3n de mundos audiovisuales y arquitecturas ef\u00edmeras, hasta la creaci\u00f3n art\u00edstica con el espacio como materia pl\u00e1stica.<\/p>\n<p data-start=\"572\" data-end=\"995\">Mi recorrido integra el cielo de mi pasado como piloto, la investigaci\u00f3n est\u00e9tica y el pensamiento cr\u00edtico sobre la relaci\u00f3n entre arte, tecnolog\u00eda e inteligencia artificial. He sido asesor y gestor cultural en el sector p\u00fablico, y hoy contin\u00fao este camino a trav\u00e9s de la <a href=\"https:\/\/galerianiebla.com\/\"><strong data-start=\"844\" data-end=\"862\">Galer\u00eda Niebla<\/strong><\/a>, un proyecto itinerante que une a artistas emergentes y de trayectoria en Colombia bajo una visi\u00f3n curatorial de lo contempor\u00e1neo.<\/p>\n<p data-start=\"997\" data-end=\"1259\">La <strong data-start=\"1000\" data-end=\"1019\">transversalidad<\/strong> con la que he atravesado diversos campos del conocimiento me permite ofrecer una <strong data-start=\"1101\" data-end=\"1144\">mirada \u00fanica como consultor estrat\u00e9gico<\/strong>, donde arte, comunicaci\u00f3n y gesti\u00f3n cultural se integran para dise\u00f1ar narrativas con impacto simb\u00f3lico y social.<\/p>\n[\/vc_column_text][mk_button dimension=\u00bboutline\u00bb size=\u00bbmedium\u00bb url=\u00bb\/about\/\u00bb]Leer M\u00e1s[\/mk_button][\/vc_column][\/vc_row][vc_row animation=\u00bbright-to-left\u00bb][vc_column][mk_divider style=\u00bbthin_solid\u00bb thin_single_color=\u00bb#f4f4f4&#8243; thickness=\u00bb2&#8243; margin_top=\u00bb50&#8243; margin_bottom=\u00bb60&#8243;][\/vc_column][\/vc_row][vc_row animation=\u00bbright-to-left\u00bb][vc_column width=\u00bb1\/2&#8243;][vc_column_text disable_pattern=\u00bbfalse\u00bb margin_bottom=\u00bb20&#8243; css=\u00bb.vc_custom_1753879892791{margin-bottom: 20px !important;}\u00bb]PROYECTOS<\/p>\n[\/vc_column_text][\/vc_column][vc_column width=\u00bb1\/2&#8243;][mk_fancy_title tag_name=\u00bbh4&#8243; color=\u00bb#999999&#8243; size=\u00bb16&#8243; font_weight=\u00bb300&#8243; txt_transform=\u00bbcapitalize\u00bb font_family=\u00bbMontserrat\u00bb font_type=\u00bbgoogle\u00bb align=\u00bbright\u00bb]<a href=\"https:\/\/felipesanclemente.com\/es\/projects\/\">ver todos<\/a>[\/mk_fancy_title][\/vc_column][\/vc_row][vc_row animation=\u00bbright-to-left\u00bb][vc_column][mk_portfolio count=\u00bb6&#8243; sortable=\u00bbfalse\u00bb orderby=\u00bbrand\u00bb][\/vc_column][\/vc_row][vc_row animation=\u00bbright-to-left\u00bb][vc_column][mk_divider style=\u00bbthin_solid\u00bb thin_single_color=\u00bb#f4f4f4&#8243; thickness=\u00bb2&#8243; margin_top=\u00bb70&#8243; margin_bottom=\u00bb90&#8243;][\/vc_column][\/vc_row][vc_row animation=\u00bbright-to-left\u00bb][vc_column width=\u00bb1\/2&#8243;][vc_column_text disable_pattern=\u00bbfalse\u00bb margin_bottom=\u00bb20&#8243;]BLOG[\/vc_column_text][\/vc_column][vc_column width=\u00bb1\/2&#8243;][mk_fancy_title tag_name=\u00bbh4&#8243; color=\u00bb#999999&#8243; size=\u00bb16&#8243; font_weight=\u00bb300&#8243; txt_transform=\u00bbcapitalize\u00bb font_family=\u00bbMontserrat\u00bb font_type=\u00bbgoogle\u00bb align=\u00bbright\u00bb]<a href=\"\/es\/blog\/\">Ver m\u00e1s<\/a>[\/mk_fancy_title][\/vc_column][\/vc_row][vc_row animation=\u00bbright-to-left\u00bb][vc_column][mk_blog_teaser][\/vc_column][\/vc_row][vc_row animation=\u00bbright-to-left\u00bb][vc_column][mk_divider style=\u00bbthin_solid\u00bb thin_single_color=\u00bb#f4f4f4&#8243; thickness=\u00bb2&#8243; margin_top=\u00bb70&#8243; margin_bottom=\u00bb90&#8243;][\/vc_column][\/vc_row][vc_row animation=\u00bbright-to-left\u00bb][vc_column width=\u00bb1\/4&#8243;][vc_column_text disable_pattern=\u00bbfalse\u00bb css=\u00bb.vc_custom_1753879978004{margin-bottom: 0px !important;}\u00bb]HA TRABAJADO CON:[\/vc_column_text][\/vc_column][vc_column width=\u00bb1\/4&#8243;][vc_column_text]<a href=\"http:\/\/rtvc.com\">RTVC<\/a><br \/>\n<a href=\"http:\/\/www.coltevision.com\/\">Colombiana de\u00a0Televisi\u00f3n<\/a><br \/>\n<a href=\"https:\/\/www.linkedin.com\/company-beta\/1084866\/?pathWildcard=1084866\">Be\u00a0TV<\/a><br \/>\n<a href=\"http:\/\/www.cmi.com.co\/\">CM&amp;<\/a>[\/vc_column_text][\/vc_column][vc_column width=\u00bb1\/4&#8243;][vc_column_text]<a href=\"https:\/\/www.uniandes.edu.co\/\">Universidad\u00a0de los Andes<\/a><br \/>\n<a href=\"http:\/\/gvbagencia.co\/\">GVB<\/a><br \/>\n<a href=\"http:\/\/www.rtitv.com\">RTI<\/a><br \/>\n<a href=\"http:\/\/www.mullenlowessp3.com\/\">LOWE\/SSP3<\/a>[\/vc_column_text][\/vc_column][vc_column width=\u00bb1\/4&#8243;][vc_column_text css=\u00bb.vc_custom_1754324895436{margin-bottom: 0px !important;}\u00bb]<a href=\"https:\/\/www.fuga.gov.co\/\">Fuga<\/a><\/p>\n<p><a href=\"http:\/\/www.banrepcultural.org\/blaa\">BLAA<\/a><br \/>\n<a href=\"http:\/\/www.imaginariafilms.com\/\">Imaginaria Films<\/a><br \/>\n<a href=\"http:\/\/www.rhayuela.com\/\">Rhayuela Films<\/a><br \/>\n<a href=\"http:\/\/www.mincultura.gov.co\/Paginas\/default.aspx\">MinCultura<\/a>[\/vc_column_text][\/vc_column][\/vc_row][vc_row animation=\u00bbright-to-left\u00bb][vc_column][mk_divider style=\u00bbthin_solid\u00bb thin_single_color=\u00bb#f4f4f4&#8243; thickness=\u00bb2&#8243; margin_top=\u00bb70&#8243; margin_bottom=\u00bb90&#8243;][\/vc_column][\/vc_row][vc_row animation=\u00bbright-to-left\u00bb][vc_column width=\u00bb3\/12&#8243;][vc_column_text disable_pattern=\u00bbfalse\u00bb]<span style=\"color: #000000;\">CONTACT<\/span>[\/vc_column_text][\/vc_column][vc_column width=\u00bb8\/12&#8243;][vc_column_text css=\u00bb.vc_custom_1753880021110{margin-bottom: 0px !important;}\u00bb]\n<div id=\"tw-target-text-container\" class=\"tw-ta-container tw-nfl\">\n<p id=\"tw-target-text\" class=\"tw-data-text tw-ta tw-text-small\" dir=\"ltr\" data-placeholder=\"Translation\">Utilice el formulario de contacto para enviar sus mensajes. Me pondr\u00e9 en contacto con usted lo antes posible.<\/p>\n<p class=\"tw-data-text tw-ta tw-text-small\" lang=\"en\">\n<\/div>\n[\/vc_column_text][mk_contact_form style=\u00bbclassic\u00bb button_text=\u00bbEnviar\u00bb][\/vc_column][vc_column width=\u00bb1\/12&#8243;][\/vc_column][\/vc_row][vc_row animation=\u00bbright-to-left\u00bb][vc_column][mk_divider style=\u00bbthin_solid\u00bb thin_single_color=\u00bb#f4f4f4&#8243; thickness=\u00bb2&#8243; margin_top=\u00bb70&#8243; margin_bottom=\u00bb0&#8243;][\/vc_column][\/vc_row]\n<\/div>","protected":false},"excerpt":{"rendered":"<p>[vc_row animation=\u00bbright-to-left\u00bb][vc_column width=\u00bb9\/12&#8243;][mk_fancy_title tag_name=\u00bbh1&#8243; color=\u00bb#111111&#8243; size=\u00bb60&#8243; force_font_size=\u00bbtrue\u00bb size_tablet=\u00bb30&#8243; size_phone=\u00bb20&#8243; font_weight=\u00bbbold\u00bb txt_transform=\u00bbnone\u00bb margin_bottom=\u00bb0&#8243; font_family=\u00bbMontserrat\u00bb font_type=\u00bbgoogle\u00bb] Felipe Sanclemente [\/mk_fancy_title][vc_column_text disable_pattern=\u00bbfalse\u00bb margin_bottom=\u00bb20&#8243; css=\u00bb.vc_custom_1758808580473{margin-bottom: 20px !important;}\u00bb] Piloto, arquitecto, artista pl\u00e1stico y creador audiovisual.Con m\u00e1s de 25 a\u00f1os de experiencia en cine, televisi\u00f3n, documentales y publicidad, he explorado los l\u00edmites de habitar la imagen: desde la construcci\u00f3n de mundos audiovisuales [&hellip;]<\/p>\n","protected":false},"author":1,"featured_media":0,"parent":0,"menu_order":0,"comment_status":"closed","ping_status":"closed","template":"","meta":{"_coblocks_attr":"","_coblocks_dimensions":"","_coblocks_responsive_height":"","_coblocks_accordion_ie_support":"","om_disable_all_campaigns":false,"_monsterinsights_skip_tracking":false,"_monsterinsights_sitenote_active":false,"_monsterinsights_sitenote_note":"","_monsterinsights_sitenote_category":0,"_uf_show_specific_survey":0,"_uf_disable_surveys":false,"footnotes":""},"class_list":["post-5","page","type-page","status-publish","hentry"],"aioseo_notices":[],"yoast_head":"<!-- This site is optimized with the Yoast SEO plugin v26.1.1 - https:\/\/yoast.com\/wordpress\/plugins\/seo\/ -->\n<title>Inicio - Felipe Sanclemente<\/title>\n<meta name=\"robots\" content=\"index, follow, max-snippet:-1, max-image-preview:large, max-video-preview:-1\" \/>\n<link rel=\"canonical\" href=\"https:\/\/felipesanclemente.com\/\" \/>\n<meta property=\"og:locale\" content=\"es_ES\" \/>\n<meta property=\"og:type\" content=\"article\" \/>\n<meta property=\"og:title\" content=\"[:en]Home[:es]Inicio[:] - Felipe Sanclemente\" \/>\n<meta property=\"og:description\" content=\"[vc_row animation=\u00bbright-to-left\u00bb][vc_column width=\u00bb9\/12&#8243;][mk_fancy_title tag_name=\u00bbh1&#8243; color=\u00bb#111111&#8243; size=\u00bb60&#8243; force_font_size=\u00bbtrue\u00bb size_tablet=\u00bb30&#8243; size_phone=\u00bb20&#8243; font_weight=\u00bbbold\u00bb txt_transform=\u00bbnone\u00bb margin_bottom=\u00bb0&#8243; font_family=\u00bbMontserrat\u00bb font_type=\u00bbgoogle\u00bb] Felipe Sanclemente [\/mk_fancy_title][vc_column_text disable_pattern=\u00bbfalse\u00bb margin_bottom=\u00bb20&#8243; css=\u00bb.vc_custom_1758808580473{margin-bottom: 20px !important;}\u00bb] Piloto, arquitecto, artista pl\u00e1stico y creador audiovisual.Con m\u00e1s de 25 a\u00f1os de experiencia en cine, televisi\u00f3n, documentales y publicidad, he explorado los l\u00edmites de habitar la imagen: desde la construcci\u00f3n de mundos audiovisuales [&hellip;]\" \/>\n<meta property=\"og:url\" content=\"https:\/\/felipesanclemente.com\/\" \/>\n<meta property=\"og:site_name\" content=\"Felipe Sanclemente\" \/>\n<meta property=\"article:modified_time\" content=\"2025-09-25T14:07:54+00:00\" \/>\n<meta name=\"twitter:card\" content=\"summary_large_image\" \/>\n<meta name=\"twitter:label1\" content=\"Tiempo de lectura\" \/>\n\t<meta name=\"twitter:data1\" content=\"2 minutos\" \/>\n<script type=\"application\/ld+json\" class=\"yoast-schema-graph\">{\"@context\":\"https:\/\/schema.org\",\"@graph\":[{\"@type\":\"WebPage\",\"@id\":\"https:\/\/felipesanclemente.com\/\",\"url\":\"https:\/\/felipesanclemente.com\/\",\"name\":\"[:en]Home[:es]Inicio[:] - Felipe Sanclemente\",\"isPartOf\":{\"@id\":\"https:\/\/felipesanclemente.com\/#website\"},\"datePublished\":\"2016-10-18T14:03:55+00:00\",\"dateModified\":\"2025-09-25T14:07:54+00:00\",\"breadcrumb\":{\"@id\":\"https:\/\/felipesanclemente.com\/#breadcrumb\"},\"inLanguage\":\"es\",\"potentialAction\":[{\"@type\":\"ReadAction\",\"target\":[\"https:\/\/felipesanclemente.com\/\"]}]},{\"@type\":\"BreadcrumbList\",\"@id\":\"https:\/\/felipesanclemente.com\/#breadcrumb\",\"itemListElement\":[{\"@type\":\"ListItem\",\"position\":1,\"name\":\"Portada\",\"item\":\"https:\/\/felipesanclemente.com\/\"},{\"@type\":\"ListItem\",\"position\":2,\"name\":\"Inicio\"}]},{\"@type\":\"WebSite\",\"@id\":\"https:\/\/felipesanclemente.com\/#website\",\"url\":\"https:\/\/felipesanclemente.com\/\",\"name\":\"Felipe Sanclemente\",\"description\":\"Felipe Sanclemente Portfolio\",\"potentialAction\":[{\"@type\":\"SearchAction\",\"target\":{\"@type\":\"EntryPoint\",\"urlTemplate\":\"https:\/\/felipesanclemente.com\/?s={search_term_string}\"},\"query-input\":{\"@type\":\"PropertyValueSpecification\",\"valueRequired\":true,\"valueName\":\"search_term_string\"}}],\"inLanguage\":\"es\"}]}<\/script>\n<!-- \/ Yoast SEO plugin. -->","yoast_head_json":{"title":"[:en]Home[:es]Inicio[:] - Felipe Sanclemente","robots":{"index":"index","follow":"follow","max-snippet":"max-snippet:-1","max-image-preview":"max-image-preview:large","max-video-preview":"max-video-preview:-1"},"canonical":"https:\/\/felipesanclemente.com\/","og_locale":"es_ES","og_type":"article","og_title":"[:en]Home[:es]Inicio[:] - Felipe Sanclemente","og_description":"[vc_row animation=\u00bbright-to-left\u00bb][vc_column width=\u00bb9\/12&#8243;][mk_fancy_title tag_name=\u00bbh1&#8243; color=\u00bb#111111&#8243; size=\u00bb60&#8243; force_font_size=\u00bbtrue\u00bb size_tablet=\u00bb30&#8243; size_phone=\u00bb20&#8243; font_weight=\u00bbbold\u00bb txt_transform=\u00bbnone\u00bb margin_bottom=\u00bb0&#8243; font_family=\u00bbMontserrat\u00bb font_type=\u00bbgoogle\u00bb] Felipe Sanclemente [\/mk_fancy_title][vc_column_text disable_pattern=\u00bbfalse\u00bb margin_bottom=\u00bb20&#8243; css=\u00bb.vc_custom_1758808580473{margin-bottom: 20px !important;}\u00bb] Piloto, arquitecto, artista pl\u00e1stico y creador audiovisual.Con m\u00e1s de 25 a\u00f1os de experiencia en cine, televisi\u00f3n, documentales y publicidad, he explorado los l\u00edmites de habitar la imagen: desde la construcci\u00f3n de mundos audiovisuales [&hellip;]","og_url":"https:\/\/felipesanclemente.com\/","og_site_name":"Felipe Sanclemente","article_modified_time":"2025-09-25T14:07:54+00:00","twitter_card":"summary_large_image","twitter_misc":{"Tiempo de lectura":"2 minutos"},"schema":{"@context":"https:\/\/schema.org","@graph":[{"@type":"WebPage","@id":"https:\/\/felipesanclemente.com\/","url":"https:\/\/felipesanclemente.com\/","name":"[:en]Home[:es]Inicio[:] - Felipe Sanclemente","isPartOf":{"@id":"https:\/\/felipesanclemente.com\/#website"},"datePublished":"2016-10-18T14:03:55+00:00","dateModified":"2025-09-25T14:07:54+00:00","breadcrumb":{"@id":"https:\/\/felipesanclemente.com\/#breadcrumb"},"inLanguage":"es","potentialAction":[{"@type":"ReadAction","target":["https:\/\/felipesanclemente.com\/"]}]},{"@type":"BreadcrumbList","@id":"https:\/\/felipesanclemente.com\/#breadcrumb","itemListElement":[{"@type":"ListItem","position":1,"name":"Portada","item":"https:\/\/felipesanclemente.com\/"},{"@type":"ListItem","position":2,"name":"Inicio"}]},{"@type":"WebSite","@id":"https:\/\/felipesanclemente.com\/#website","url":"https:\/\/felipesanclemente.com\/","name":"Felipe Sanclemente","description":"Felipe Sanclemente Portfolio","potentialAction":[{"@type":"SearchAction","target":{"@type":"EntryPoint","urlTemplate":"https:\/\/felipesanclemente.com\/?s={search_term_string}"},"query-input":{"@type":"PropertyValueSpecification","valueRequired":true,"valueName":"search_term_string"}}],"inLanguage":"es"}]}},"_links":{"self":[{"href":"https:\/\/felipesanclemente.com\/es\/wp-json\/wp\/v2\/pages\/5","targetHints":{"allow":["GET"]}}],"collection":[{"href":"https:\/\/felipesanclemente.com\/es\/wp-json\/wp\/v2\/pages"}],"about":[{"href":"https:\/\/felipesanclemente.com\/es\/wp-json\/wp\/v2\/types\/page"}],"author":[{"embeddable":true,"href":"https:\/\/felipesanclemente.com\/es\/wp-json\/wp\/v2\/users\/1"}],"replies":[{"embeddable":true,"href":"https:\/\/felipesanclemente.com\/es\/wp-json\/wp\/v2\/comments?post=5"}],"version-history":[{"count":5,"href":"https:\/\/felipesanclemente.com\/es\/wp-json\/wp\/v2\/pages\/5\/revisions"}],"predecessor-version":[{"id":2261,"href":"https:\/\/felipesanclemente.com\/es\/wp-json\/wp\/v2\/pages\/5\/revisions\/2261"}],"wp:attachment":[{"href":"https:\/\/felipesanclemente.com\/es\/wp-json\/wp\/v2\/media?parent=5"}],"curies":[{"name":"wp","href":"https:\/\/api.w.org\/{rel}","templated":true}]}}