{"id":9,"date":"2016-10-18T14:31:30","date_gmt":"2016-10-18T14:31:30","guid":{"rendered":"http:\/\/demos.artbees.net\/jupiter5\/rhea\/?page_id=9"},"modified":"2025-09-07T16:01:16","modified_gmt":"2025-09-07T16:01:16","slug":"about","status":"publish","type":"page","link":"https:\/\/felipesanclemente.com\/es\/about\/","title":{"rendered":"Acerca de"},"content":{"rendered":"<div class=\"wpb-content-wrapper\">[vc_row animation=\u00bbright-to-left\u00bb][vc_column width=\u00bb9\/12&#8243;][mk_fancy_title font_family=\u00bbnone\u00bb]\n<h2>Mi Momento Actual: Del Laboratorio a la Arquitectura Cultural<\/h2>\n[\/mk_fancy_title][vc_column_text css=\u00bb.vc_custom_1757260324184{margin-bottom: 0px !important;}\u00bb]\n<div class=\"bot-name gds-title-s ng-tns-c4093704912-191 ng-star-inserted\"><\/div>\n<div class=\"response-content ng-tns-c4093704912-191\">\n<div id=\"model-response-message-contentr_9e679ff4398c5a29\" class=\"markdown markdown-main-panel enable-updated-hr-color\" dir=\"ltr\">\n<p>Mi trayectoria ha sido una b\u00fasqueda constante de c\u00f3mo \u00abhabitar\u00bb el mundo, un viaje a trav\u00e9s de tres sue\u00f1os que han definido mi ser. El primero, volar, me dio la perspectiva del cielo. El segundo, la arquitectura, me ense\u00f1\u00f3 a buscar un lugar po\u00e9tico en la tierra. Y el tercero, la creaci\u00f3n de im\u00e1genes, me sumergi\u00f3 en el desaf\u00edo de habitar la compleja realidad simb\u00f3lica de nuestro tiempo.<\/p>\n<p>Hoy, todo este recorrido se condensa en mi proyecto m\u00e1s personal, <b>Galer\u00eda Niebla<\/b>. Naci\u00f3 como mi laboratorio, el espacio \u00edntimo para \u00absostener preguntas\u00bb, para investigar la materialidad y para dar voz al arte emergente. Es la encarnaci\u00f3n de mis convicciones m\u00e1s profundas sobre el arte como un acto revelador y emancipador.<\/p>\n<p>Sin embargo, es precisamente en este proyecto donde he enfrentado la tensi\u00f3n fundamental: la colisi\u00f3n entre la pureza de una visi\u00f3n curatorial y las complejidades del \u00abmundo real\u00bb, su monetizaci\u00f3n y sostenibilidad. Este es el centro del momento en que me encuentro.<\/p>\n<p>Y la revelaci\u00f3n ha sido esta: He comprendido que mis 25 a\u00f1os de experiencia como productor, director de arte y gestor de proyectos a gran escala no son un pasado que dej\u00e9 atr\u00e1s para ser curador. Son, de hecho, el motor y la herramienta que pueden llevar mi visi\u00f3n a una escala de impacto mayor.<\/p>\n<p>Por eso, mi enfoque profesional vira hoy hacia un rol m\u00e1s definido y potente: el de <b>Curador-Productor de Experiencias H\u00edbridas.<\/b><\/p>\n<p>Ya no se trata solo de crear un espacio, sino de <b>arquitectar sistemas culturales<\/b>. Mi misi\u00f3n es abordar el desaf\u00edo que hoy redefine nuestro campo \u2014la irrupci\u00f3n de la inteligencia artificial y sus dilemas \u00e9ticos y creativos\u2014 y responder no solo con obras dentro de mi galer\u00eda, sino con proyectos, experiencias y di\u00e1logos a gran escala.<\/p>\n<p>Mi momento actual es el de la s\u00edntesis. El momento de unir al curador-investigador con el productor-estratega. Dejo de ser \u00fanicamente el director de mi laboratorio para convertirme en el socio estrat\u00e9gico de instituciones, marcas y colectivos que, como yo, buscan no solo comentar la realidad, sino construir la cultura del futuro.<\/p>\n<\/div>\n<\/div>\n[\/vc_column_text][mk_fancy_title tag_name=\u00bbh1&#8243; color=\u00bb#111111&#8243; size=\u00bb47&#8243; force_font_size=\u00bbtrue\u00bb size_tablet=\u00bb30&#8243; size_phone=\u00bb20&#8243; font_weight=\u00bbbold\u00bb txt_transform=\u00bbnone\u00bb font_family=\u00bbMontserrat\u00bb font_type=\u00bbgoogle\u00bb]\n<h3 id=\"tw-target-text\" class=\"tw-data-text tw-ta tw-text-medium\" data-placeholder=\"Traducci\u00f3n\">Tras los sue\u00f1os<\/h3>\n[\/mk_fancy_title][vc_column_text disable_pattern=\u00bbfalse\u00bb css=\u00bb.vc_custom_1753540985478{margin-bottom: 0px !important;}\u00bb]\n<p data-start=\"386\" data-end=\"746\">Creo que la misi\u00f3n de un hombre no es solo so\u00f1ar, sino encarnar sus sue\u00f1os sin traicionarlos. He tenido tres. El primero: volar. Desafiar la gravedad del cuerpo para acceder, por medio de la raz\u00f3n, al cielo. Volar fue mi iniciaci\u00f3n: mirar el mundo desde arriba, perder el horizonte en las nubes, descubrir la fragilidad de lo humano en la vastedad del paisaje.<\/p>\n<p data-start=\"748\" data-end=\"1124\">Ese v\u00e9rtigo me condujo al segundo sue\u00f1o: reconciliar al hombre con la tierra. Al observar desde el aire la huella de nuestras construcciones sobre la naturaleza, entend\u00ed que la arquitectura es mediaci\u00f3n: un lenguaje que conecta la intemperie con el deseo de habitar. Me hice arquitecto para construir un hogar. No un refugio, sino una forma de vida. Habitar como acto po\u00e9tico.<\/p>\n<p data-start=\"1126\" data-end=\"1659\">Y luego vino el tercero: crear im\u00e1genes. Porque comprend\u00ed que hoy no habitamos espacios, sino s\u00edmbolos. La imagen ya no representa el mundo: lo constituye. Quise entonces comprender la habitabilidad contempor\u00e1nea, no desde los planos, sino desde las narrativas. Me adentr\u00e9 en la cr\u00edtica cultural, la filosof\u00eda, el video, la fotograf\u00eda, los nuevos medios. Investigu\u00e9 c\u00f3mo la tecnolog\u00eda reconfigura lo visible, c\u00f3mo la animaci\u00f3n y la programaci\u00f3n expanden la experiencia est\u00e9tica, y c\u00f3mo habitamos hoy no solo ciudades, sino pantallas.<\/p>\n<p data-start=\"1661\" data-end=\"2075\">Trabaj\u00e9 en publicidad, guion, direcci\u00f3n de arte. Dise\u00f1\u00e9 otros mundos para otros. Pero surgi\u00f3 una pregunta inevitable: \u00bfy cu\u00e1l es el m\u00edo? \u00bfQu\u00e9 imagen habla de m\u00ed, no como profesional, sino como sujeto? Esa pregunta me llev\u00f3 al arte. Ingres\u00e9 a un m\u00e1ster en artes pl\u00e1sticas no para producir, sino para despojar. Para mirar hacia atr\u00e1s con otros ojos, y trazar un mapa de sentido desde el temblor, no desde la t\u00e9cnica.<\/p>\n<p data-start=\"2077\" data-end=\"2265\">Hoy, mi obra surge del entorno donde pienso, dudo y me contradigo. No busco resolver. Busco sostener preguntas. Y desde ah\u00ed, crear una imagen que no explique el mundo, sino que lo invoque.<\/p>\n[\/vc_column_text][\/vc_column][\/vc_row][vc_row][vc_column][mk_padding_divider][\/vc_column][\/vc_row][vc_row animation=\u00bbright-to-left\u00bb][vc_column][mk_image src=\u00bbhttps:\/\/felipesanclemente.com\/wp-content\/uploads\/2016\/10\/img_2303-1.jpg\u00bb image_size=\u00bblarge\u00bb margin_bottom=\u00bb0&#8243;][\/vc_column][\/vc_row][vc_row][vc_column][mk_padding_divider size=\u00bb100&#8243;][\/vc_column][\/vc_row][vc_row animation=\u00bbright-to-left\u00bb][vc_column width=\u00bb3\/12&#8243;][vc_column_text disable_pattern=\u00bbfalse\u00bb css=\u00bb.vc_custom_1753459701607{margin-bottom: 0px !important;}\u00bb]<span style=\"color: #800000;\">EL PRIMERO<\/span>[\/vc_column_text][\/vc_column][vc_column width=\u00bb9\/12&#8243;][mk_fancy_title tag_name=\u00bbh3&#8243; color=\u00bb#111111&#8243; size=\u00bb36&#8243; force_font_size=\u00bbtrue\u00bb size_tablet=\u00bb25&#8243; size_phone=\u00bb20&#8243; font_weight=\u00bbbold\u00bb txt_transform=\u00bbnone\u00bb font_family=\u00bbMontserrat\u00bb font_type=\u00bbgoogle\u00bb]Volar[\/mk_fancy_title][vc_column_text disable_pattern=\u00bbfalse\u00bb css=\u00bb.vc_custom_1753459727282{margin-bottom: 0px !important;}\u00bb]\n<p style=\"text-align: justify;\">Desafiar la naturaleza terrenal del hombre y, gracias a la raz\u00f3n, ir m\u00e1s all\u00e1 de nuestras capacidades f\u00edsicas naturales. El sue\u00f1o de conocer los cielos. Ver el mundo desde el aire. Al contemplar desde el aire la inmensidad y grandeza de la naturaleza, y las formas y elementos creados por el hombre para vivir y coexistir con la tierra, surgi\u00f3 mi segundo sue\u00f1o.<\/p>\n[\/vc_column_text][\/vc_column][\/vc_row][vc_row animation=\u00bbright-to-left\u00bb][vc_column][mk_divider style=\u00bbthin_solid\u00bb thin_single_color=\u00bb#f4f4f4&#8243; thickness=\u00bb2&#8243; margin_top=\u00bb70&#8243; margin_bottom=\u00bb90&#8243;][\/vc_column][\/vc_row][vc_row animation=\u00bbright-to-left\u00bb][vc_column width=\u00bb3\/12&#8243;][vc_column_text disable_pattern=\u00bbfalse\u00bb css=\u00bb.vc_custom_1753459742021{margin-bottom: 0px !important;}\u00bb]<span style=\"color: #800000;\">EL SEGUNDO<\/span>[\/vc_column_text][\/vc_column][vc_column width=\u00bb9\/12&#8243;][mk_fancy_title tag_name=\u00bbh3&#8243; color=\u00bb#111111&#8243; size=\u00bb36&#8243; force_font_size=\u00bbtrue\u00bb size_tablet=\u00bb25&#8243; size_phone=\u00bb20&#8243; font_weight=\u00bbbold\u00bb txt_transform=\u00bbnone\u00bb font_family=\u00bbMontserrat\u00bb font_type=\u00bbgoogle\u00bb]Habitar[\/mk_fancy_title][vc_column_text disable_pattern=\u00bbfalse\u00bb css=\u00bb.vc_custom_1753459785269{margin-bottom: 0px !important;}\u00bb]\n<p style=\"text-align: justify;\">Reconciliar la naturaleza con el hombre y su forma de vida, reconociendo que la arquitectura era el elemento que entrelazaba ambos conceptos. As\u00ed que me hice arquitecto. Quer\u00eda construir mi propia casa. Conociendo a fondo la historia de la vida del hombre y sus esfuerzos en la tierra. Este es mi segundo sue\u00f1o. Construir mi hogar. Habitar el mundo.<\/p>\n[\/vc_column_text][\/vc_column][\/vc_row][vc_row animation=\u00bbright-to-left\u00bb][vc_column][mk_divider style=\u00bbthin_solid\u00bb thin_single_color=\u00bb#f4f4f4&#8243; thickness=\u00bb2&#8243; margin_top=\u00bb70&#8243; margin_bottom=\u00bb90&#8243;][\/vc_column][\/vc_row][vc_row animation=\u00bbright-to-left\u00bb][vc_column width=\u00bb3\/12&#8243;][vc_column_text disable_pattern=\u00bbfalse\u00bb css=\u00bb.vc_custom_1753459813746{margin-bottom: 0px !important;}\u00bb]<span style=\"color: #800000;\">EL TERCERO<\/span>[\/vc_column_text][\/vc_column][vc_column width=\u00bb9\/12&#8243;][mk_fancy_title tag_name=\u00bbh3&#8243; color=\u00bb#111111&#8243; size=\u00bb36&#8243; force_font_size=\u00bbtrue\u00bb size_tablet=\u00bb25&#8243; size_phone=\u00bb20&#8243; font_weight=\u00bbbold\u00bb txt_transform=\u00bbnone\u00bb font_family=\u00bbMontserrat\u00bb font_type=\u00bbgoogle\u00bb]Crear[\/mk_fancy_title][vc_column_text disable_pattern=\u00bbfalse\u00bb css=\u00bb.vc_custom_1753459848973{margin-bottom: 0px !important;}\u00bb]\n<p style=\"text-align: justify;\">De aqu\u00ed surgi\u00f3 el inter\u00e9s por mi tercer sue\u00f1o: crear im\u00e1genes. Esto me llev\u00f3 a investigar la habitabilidad contempor\u00e1nea, lo que me impuls\u00f3 a profundizar en la cr\u00edtica cultural y la filosof\u00eda para materializar mis proyectos. A trav\u00e9s de ello, concluyo la importancia de la imagen en el mundo moderno y observo c\u00f3mo las ciudades y los edificios se alteran a trav\u00e9s de la forma en que los habitamos. La imagen es el concepto m\u00e1s importante del mundo actual. Para comprender completamente este enfoque, estudi\u00e9 los nuevos medios de representaci\u00f3n: v\u00eddeo, fotograf\u00eda, internet, animaci\u00f3n y programaci\u00f3n. Todos estos medios est\u00e1n revolucionando la habitabilidad de la forma f\u00edsica a trav\u00e9s de los elementos de la imagen. Esto nos conduce a una cultura de habitar la imagen. Posteriormente, la publicidad, el v\u00eddeo, el guion y la direcci\u00f3n de proyectos se han convertido en el foco de mi trabajo profesional y los veh\u00edculos a trav\u00e9s de los cuales busco continuamente el significado de mi vida.<\/p>\n[\/vc_column_text][mk_divider][\/vc_column][\/vc_row][vc_row animation=\u00bbright-to-left\u00bb][vc_column][mk_content_box][mk_title_box font_family=\u00bbnone\u00bb]PERFIL[\/mk_title_box][vc_column_text css=\u00bb.vc_custom_1753460220902{margin-bottom: 0px !important;}\u00bb]Soy arquitecto de profesi\u00f3n especializado en creaci\u00f3n multimedia, Magister en artes pl\u00e1sticas y visuales, con estudios en est\u00e9tica y en dise\u00f1o. \u00a0He centrado mi vida profesional alrededor de pensar la imagen y dise\u00f1ar estrategias de comunicaci\u00f3n alrededor de los desaf\u00edos del mundo digital. Experiencia en direcci\u00f3n de equipos arquitect\u00f3nicos, audiovisuales y art\u00edsticos. Complemento con conocimientos en museograf\u00eda y gesti\u00f3n de proyectos en manejo de instituciones culturales.<\/p>\n<p>Fui director de arte de RTVC, en donde durante 10 a\u00f1os fui el encargado de gestionar, dise\u00f1ar y producir la est\u00e9tica de las comunicaciones del gobierno Nacional (2010 -2020). Como director de arte para producciones audiovisuales en cine, televisi\u00f3n y publicidad, cuento con una experiencia de 20 a\u00f1os. En este campo he desempe\u00f1ado roles como productor, director y especialmente como dise\u00f1ador de producci\u00f3n. En el campo acad\u00e9mico y de investigaci\u00f3n he participado de diversos laboratorios de creaci\u00f3n. Siempre dispuesto a pensar y escribir sobre el devenir e interpretar la sociedad y sus modos de comunicarse, para trabajar en la construcci\u00f3n de la realidad y las relaciones sociales que construyen la cultura. Ha sido docente en Dise\u00f1o de producci\u00f3n y ha dado charlas (Master Class) en el tema en diferentes espacios acad\u00e9micos.<\/p>\n<p>Experiencia en administraci\u00f3n p\u00fablica y gerencia de proyectos, alto conocimiento en gesti\u00f3n del Programa Distrital de Est\u00edmulos en creaci\u00f3n de convocatorias, desarrollo de condiciones de participaci\u00f3n y lineamientos generales y espec\u00edficos del \u00e1rea de fomento. Artista pl\u00e1stico en investigaci\u00f3n y creaci\u00f3n, 8 a\u00f1os de experiencia en gesti\u00f3n, coordinaci\u00f3n, planeaci\u00f3n y proyecci\u00f3n de procesos art\u00edsticos y culturales. Fui Coordinador del \u00c1rea de Artes Pl\u00e1sticas y Visuales de la Fundaci\u00f3n Gilberto Alzate Avenda\u00f1o (FUGA) donde manej\u00e9 presupuesto distrital, supervis\u00e9 contratos, OPS, licitaciones , convenios y alianzas, programaci\u00f3n de salas de exposici\u00f3n, realizaci\u00f3n de curadur\u00edas de exposiciones, organizaci\u00f3n, planeaci\u00f3n y producci\u00f3n de eventos; dise\u00f1o, seguimiento y manejo de las convocatorias del Programa Distrital de Est\u00edmulos ofertadas por la FUGA en el \u00e1rea de Artes pl\u00e1sticas y Visuales, lider\u00e9 proyectos de pol\u00edticas p\u00fablicas y manej\u00e9 la relaci\u00f3n con el sector de las artes pl\u00e1sticas y la gesti\u00f3n de p\u00fablico. Actualmente manejo una galer\u00eda de arte en donde trabajo en la construcci\u00f3n de estrategias para mejorar las condiciones de exhibici\u00f3n y relacionamiento comercial de artistas emergentes en Colombia.[\/vc_column_text][\/mk_content_box][mk_title_box font_family=\u00bbnone\u00bb]\n<h2>CV<\/h2>\n[\/mk_title_box][mk_padding_divider][mk_image src=\u00bbhttps:\/\/felipesanclemente.com\/wp-content\/uploads\/2016\/10\/nube.jpg\u00bb image_size=\u00bbmedium\u00bb][vc_column_text css=\u00bb.vc_custom_1753459870131{margin-bottom: 0px !important;}\u00bb]<a href=\"https:\/\/www.dropbox.com\/scl\/fi\/p8q3zqfbdfy3df0jewt4k\/CV-Luis-Felipe-Sanclemente-2025.pdf?rlkey=vt12hm3pbu1ze3thq7ovvipec&amp;st=g9r6y22i&amp;dl=0\" target=\"_blank\" rel=\"noopener noreferrer\">Descarga el CV. <\/a>[\/vc_column_text][mk_divider style=\u00bbthin_solid\u00bb thin_single_color=\u00bb#f4f4f4&#8243; thickness=\u00bb2&#8243; margin_top=\u00bb70&#8243; margin_bottom=\u00bb90&#8243;][mk_title_box font_family=\u00bbnone\u00bb]<strong>\u00a0 <\/strong><strong>PORTAFOLIO DE TRABAJO\u00a0\u00a0<\/strong>[\/mk_title_box][vc_column_text css=\u00bb.vc_custom_1753804068336{margin-bottom: 0px !important;}\u00bb]\n<p><iframe loading=\"lazy\" class=\"wp-embedded-content\" sandbox=\"allow-scripts\" security=\"restricted\" title=\"Portafolio FS liviano_compressed\" width=\"640\" height=\"360\" src=\"https:\/\/online.fliphtml5.com\/smpdv\/btmh\/#?secret=HtS8JKDkaB\" data-secret=\"HtS8JKDkaB\" scrolling=\"no\" frameborder=\"0\"><\/iframe><\/p>\n[\/vc_column_text][vc_column_text css=\u00bb.vc_custom_1753458562563{margin-bottom: 0px !important;}\u00bb]\n<p><iframe loading=\"lazy\" class=\"wp-embedded-content\" sandbox=\"allow-scripts\" security=\"restricted\" title=\"Portafolio FS Arte\" width=\"640\" height=\"360\" src=\"https:\/\/online.fliphtml5.com\/smpdv\/vykr\/#?secret=UMt7ZWFM3i\" data-secret=\"UMt7ZWFM3i\" scrolling=\"no\" frameborder=\"0\"><\/iframe><\/p>\n[\/vc_column_text][mk_padding_divider][vc_column_text css=\u00bb.vc_custom_1753459904647{margin-bottom: 0px !important;}\u00bb]Este portafolio muestra parte de mi trabajo como Director de Arte (incluyendo proyectos de escenograf\u00eda y decoraci\u00f3n).<\/p>\n<p>*Incluye efectos especiales desarrollados en equipo.[\/vc_column_text][mk_padding_divider][\/vc_column][vc_column][\/vc_column][\/vc_row][vc_row animation=\u00bbright-to-left\u00bb][vc_column width=\u00bb1\/4&#8243;][vc_column_text disable_pattern=\u00bbfalse\u00bb css=\u00bb.vc_custom_1753459951177{margin-bottom: 0px !important;}\u00bb]<strong>HE TRABAJADO CON:<\/strong>[\/vc_column_text][\/vc_column][vc_column width=\u00bb1\/4&#8243;][vc_column_text]<a href=\"https:\/\/www.rtvc.gov.co\/\">RTVC<\/a><br \/>\n<a href=\"http:\/\/www.coltevision.com\/\">Colombiana de\u00a0Televisi\u00f3n<\/a><br \/>\n<a href=\"https:\/\/www.linkedin.com\/company-beta\/1084866\/?pathWildcard=1084866\">Be\u00a0TV<\/a><br \/>\n<a href=\"http:\/\/www.cmi.com.co\/\">CM&amp;<\/a>[\/vc_column_text][\/vc_column][vc_column width=\u00bb1\/4&#8243;][vc_column_text]<a href=\"https:\/\/www.uniandes.edu.co\/\">Universidad\u00a0de los Andes<\/a><br \/>\n<a href=\"http:\/\/gvbagencia.co\/\">GVB<\/a><br \/>\n<a href=\"http:\/\/www.rtitv.com\">RTI<\/a><br \/>\n<a href=\"http:\/\/www.mullenlowessp3.com\/\">LOWE\/SSP3<\/a>[\/vc_column_text][\/vc_column][vc_column width=\u00bb1\/4&#8243;][vc_column_text]<a href=\"http:\/\/www.banrepcultural.org\/blaa\">BLAA<\/a><br \/>\n<a href=\"http:\/\/www.imaginariafilms.com\/\">Imaginaria Films<\/a><br \/>\n<a href=\"http:\/\/www.rhayuela.com\/\">Rhayuela Films<\/a><br \/>\n<a href=\"http:\/\/www.mincultura.gov.co\/Paginas\/default.aspx\">MinCultura<\/a>[\/vc_column_text][\/vc_column][\/vc_row][vc_row animation=\u00bbright-to-left\u00bb][vc_column][mk_divider style=\u00bbthin_solid\u00bb thin_single_color=\u00bb#f4f4f4&#8243; thickness=\u00bb2&#8243; margin_top=\u00bb70&#8243; margin_bottom=\u00bb90&#8243;][\/vc_column][\/vc_row][vc_row animation=\u00bbright-to-left\u00bb][vc_column width=\u00bb3\/12&#8243;][vc_column_text disable_pattern=\u00bbfalse\u00bb css=\u00bb.vc_custom_1753459958677{margin-bottom: 0px !important;}\u00bb]CONTACTO[\/vc_column_text][\/vc_column][vc_column width=\u00bb8\/12&#8243;][vc_column_text]Utilice el formulario de contacto para enviar sus mensajes. Me comunicar\u00e9 con Ud. tan pronto sea posible.[\/vc_column_text][mk_contact_form style=\u00bbclassic\u00bb button_text=\u00bbEnviar\u00bb][\/vc_column][vc_column width=\u00bb1\/12&#8243;][\/vc_column][\/vc_row][vc_row animation=\u00bbright-to-left\u00bb][vc_column][mk_divider style=\u00bbthin_solid\u00bb thin_single_color=\u00bb#f4f4f4&#8243; thickness=\u00bb2&#8243; margin_top=\u00bb60&#8243; margin_bottom=\u00bb0&#8243;][\/vc_column][\/vc_row][vc_row][vc_column][vc_column_text][\/vc_column_text][\/vc_column][\/vc_row][vc_row][vc_column][\/vc_column][\/vc_row]\n<\/div>","protected":false},"excerpt":{"rendered":"<p>[vc_row animation=\u00bbright-to-left\u00bb][vc_column width=\u00bb9\/12&#8243;][mk_fancy_title font_family=\u00bbnone\u00bb] Mi Momento Actual: Del Laboratorio a la Arquitectura Cultural [\/mk_fancy_title][vc_column_text css=\u00bb.vc_custom_1757260324184{margin-bottom: 0px !important;}\u00bb] Mi trayectoria ha sido una b\u00fasqueda constante de c\u00f3mo \u00abhabitar\u00bb el mundo, un viaje a trav\u00e9s de tres sue\u00f1os que han definido mi ser. El primero, volar, me dio la perspectiva del cielo. El segundo, la arquitectura, me [&hellip;]<\/p>\n","protected":false},"author":1,"featured_media":0,"parent":0,"menu_order":0,"comment_status":"closed","ping_status":"closed","template":"","meta":{"_coblocks_attr":"","_coblocks_dimensions":"","_coblocks_responsive_height":"","_coblocks_accordion_ie_support":"","om_disable_all_campaigns":false,"_monsterinsights_skip_tracking":false,"_monsterinsights_sitenote_active":false,"_monsterinsights_sitenote_note":"","_monsterinsights_sitenote_category":0,"_uf_show_specific_survey":0,"_uf_disable_surveys":false,"footnotes":""},"class_list":["post-9","page","type-page","status-publish","hentry"],"aioseo_notices":[],"yoast_head":"<!-- This site is optimized with the Yoast SEO plugin v26.1.1 - https:\/\/yoast.com\/wordpress\/plugins\/seo\/ -->\n<title>Acerca de - Felipe Sanclemente<\/title>\n<meta name=\"robots\" content=\"index, follow, max-snippet:-1, max-image-preview:large, max-video-preview:-1\" \/>\n<link rel=\"canonical\" href=\"https:\/\/felipesanclemente.com\/about\/\" \/>\n<meta property=\"og:locale\" content=\"es_ES\" \/>\n<meta property=\"og:type\" content=\"article\" \/>\n<meta property=\"og:title\" content=\"[:en]About[:es]Acerca de[:] - Felipe Sanclemente\" \/>\n<meta property=\"og:description\" content=\"[vc_row animation=\u00bbright-to-left\u00bb][vc_column width=\u00bb9\/12&#8243;][mk_fancy_title font_family=\u00bbnone\u00bb] Mi Momento Actual: Del Laboratorio a la Arquitectura Cultural [\/mk_fancy_title][vc_column_text css=\u00bb.vc_custom_1757260324184{margin-bottom: 0px !important;}\u00bb] Mi trayectoria ha sido una b\u00fasqueda constante de c\u00f3mo \u00abhabitar\u00bb el mundo, un viaje a trav\u00e9s de tres sue\u00f1os que han definido mi ser. El primero, volar, me dio la perspectiva del cielo. El segundo, la arquitectura, me [&hellip;]\" \/>\n<meta property=\"og:url\" content=\"https:\/\/felipesanclemente.com\/about\/\" \/>\n<meta property=\"og:site_name\" content=\"Felipe Sanclemente\" \/>\n<meta property=\"article:modified_time\" content=\"2025-09-07T16:01:16+00:00\" \/>\n<meta name=\"twitter:card\" content=\"summary_large_image\" \/>\n<meta name=\"twitter:label1\" content=\"Tiempo de lectura\" \/>\n\t<meta name=\"twitter:data1\" content=\"8 minutos\" \/>\n<script type=\"application\/ld+json\" class=\"yoast-schema-graph\">{\"@context\":\"https:\/\/schema.org\",\"@graph\":[{\"@type\":\"WebPage\",\"@id\":\"https:\/\/felipesanclemente.com\/about\/\",\"url\":\"https:\/\/felipesanclemente.com\/about\/\",\"name\":\"[:en]About[:es]Acerca de[:] - Felipe Sanclemente\",\"isPartOf\":{\"@id\":\"https:\/\/felipesanclemente.com\/#website\"},\"datePublished\":\"2016-10-18T14:31:30+00:00\",\"dateModified\":\"2025-09-07T16:01:16+00:00\",\"breadcrumb\":{\"@id\":\"https:\/\/felipesanclemente.com\/about\/#breadcrumb\"},\"inLanguage\":\"es\",\"potentialAction\":[{\"@type\":\"ReadAction\",\"target\":[\"https:\/\/felipesanclemente.com\/about\/\"]}]},{\"@type\":\"BreadcrumbList\",\"@id\":\"https:\/\/felipesanclemente.com\/about\/#breadcrumb\",\"itemListElement\":[{\"@type\":\"ListItem\",\"position\":1,\"name\":\"Portada\",\"item\":\"https:\/\/felipesanclemente.com\/\"},{\"@type\":\"ListItem\",\"position\":2,\"name\":\"Acerca de\"}]},{\"@type\":\"WebSite\",\"@id\":\"https:\/\/felipesanclemente.com\/#website\",\"url\":\"https:\/\/felipesanclemente.com\/\",\"name\":\"Felipe Sanclemente\",\"description\":\"Felipe Sanclemente Portfolio\",\"potentialAction\":[{\"@type\":\"SearchAction\",\"target\":{\"@type\":\"EntryPoint\",\"urlTemplate\":\"https:\/\/felipesanclemente.com\/?s={search_term_string}\"},\"query-input\":{\"@type\":\"PropertyValueSpecification\",\"valueRequired\":true,\"valueName\":\"search_term_string\"}}],\"inLanguage\":\"es\"}]}<\/script>\n<!-- \/ Yoast SEO plugin. -->","yoast_head_json":{"title":"[:en]About[:es]Acerca de[:] - Felipe Sanclemente","robots":{"index":"index","follow":"follow","max-snippet":"max-snippet:-1","max-image-preview":"max-image-preview:large","max-video-preview":"max-video-preview:-1"},"canonical":"https:\/\/felipesanclemente.com\/about\/","og_locale":"es_ES","og_type":"article","og_title":"[:en]About[:es]Acerca de[:] - Felipe Sanclemente","og_description":"[vc_row animation=\u00bbright-to-left\u00bb][vc_column width=\u00bb9\/12&#8243;][mk_fancy_title font_family=\u00bbnone\u00bb] Mi Momento Actual: Del Laboratorio a la Arquitectura Cultural [\/mk_fancy_title][vc_column_text css=\u00bb.vc_custom_1757260324184{margin-bottom: 0px !important;}\u00bb] Mi trayectoria ha sido una b\u00fasqueda constante de c\u00f3mo \u00abhabitar\u00bb el mundo, un viaje a trav\u00e9s de tres sue\u00f1os que han definido mi ser. El primero, volar, me dio la perspectiva del cielo. El segundo, la arquitectura, me [&hellip;]","og_url":"https:\/\/felipesanclemente.com\/about\/","og_site_name":"Felipe Sanclemente","article_modified_time":"2025-09-07T16:01:16+00:00","twitter_card":"summary_large_image","twitter_misc":{"Tiempo de lectura":"8 minutos"},"schema":{"@context":"https:\/\/schema.org","@graph":[{"@type":"WebPage","@id":"https:\/\/felipesanclemente.com\/about\/","url":"https:\/\/felipesanclemente.com\/about\/","name":"[:en]About[:es]Acerca de[:] - Felipe Sanclemente","isPartOf":{"@id":"https:\/\/felipesanclemente.com\/#website"},"datePublished":"2016-10-18T14:31:30+00:00","dateModified":"2025-09-07T16:01:16+00:00","breadcrumb":{"@id":"https:\/\/felipesanclemente.com\/about\/#breadcrumb"},"inLanguage":"es","potentialAction":[{"@type":"ReadAction","target":["https:\/\/felipesanclemente.com\/about\/"]}]},{"@type":"BreadcrumbList","@id":"https:\/\/felipesanclemente.com\/about\/#breadcrumb","itemListElement":[{"@type":"ListItem","position":1,"name":"Portada","item":"https:\/\/felipesanclemente.com\/"},{"@type":"ListItem","position":2,"name":"Acerca de"}]},{"@type":"WebSite","@id":"https:\/\/felipesanclemente.com\/#website","url":"https:\/\/felipesanclemente.com\/","name":"Felipe Sanclemente","description":"Felipe Sanclemente Portfolio","potentialAction":[{"@type":"SearchAction","target":{"@type":"EntryPoint","urlTemplate":"https:\/\/felipesanclemente.com\/?s={search_term_string}"},"query-input":{"@type":"PropertyValueSpecification","valueRequired":true,"valueName":"search_term_string"}}],"inLanguage":"es"}]}},"_links":{"self":[{"href":"https:\/\/felipesanclemente.com\/es\/wp-json\/wp\/v2\/pages\/9","targetHints":{"allow":["GET"]}}],"collection":[{"href":"https:\/\/felipesanclemente.com\/es\/wp-json\/wp\/v2\/pages"}],"about":[{"href":"https:\/\/felipesanclemente.com\/es\/wp-json\/wp\/v2\/types\/page"}],"author":[{"embeddable":true,"href":"https:\/\/felipesanclemente.com\/es\/wp-json\/wp\/v2\/users\/1"}],"replies":[{"embeddable":true,"href":"https:\/\/felipesanclemente.com\/es\/wp-json\/wp\/v2\/comments?post=9"}],"version-history":[{"count":6,"href":"https:\/\/felipesanclemente.com\/es\/wp-json\/wp\/v2\/pages\/9\/revisions"}],"predecessor-version":[{"id":2092,"href":"https:\/\/felipesanclemente.com\/es\/wp-json\/wp\/v2\/pages\/9\/revisions\/2092"}],"wp:attachment":[{"href":"https:\/\/felipesanclemente.com\/es\/wp-json\/wp\/v2\/media?parent=9"}],"curies":[{"name":"wp","href":"https:\/\/api.w.org\/{rel}","templated":true}]}}